{"id":304,"date":"2019-02-08T13:25:26","date_gmt":"2019-02-08T12:25:26","guid":{"rendered":"http:\/\/localhost:8888\/change\/about-us-2\/investing-in-solidarity\/"},"modified":"2019-02-26T10:04:54","modified_gmt":"2019-02-26T09:04:54","slug":"investir-dans-la-solidarite","status":"publish","type":"page","link":"https:\/\/changefund.social\/fr\/a-propos\/investir-dans-la-solidarite\/","title":{"rendered":"Investir dans la solidarit\u00e9"},"content":{"rendered":"\n<p>Change est un fonds d\u2019investissement \u00e0 impact social g\u00e9r\u00e9 par Cr\u00e9dal.<\/p>\n\n\n\n<p>Notre vision&nbsp;: transformer le monde \u00e9conomique actuel pour le rendre plus durable et \u00e9quitable. Nous voulons faire de la Belgique une plateforme d\u2019innovation sociale gr\u00e2ce \u00e0 l\u2019\u00e9mergence de nouvelles entreprises qui contribuent \u00e0 la transformation positive de notre soci\u00e9t\u00e9.<\/p>\n\n\n\n<p>Pour y parvenir, nous investissons dans des entreprises sociales innovantes en phase de d\u00e9marrage (seed) ou de croissance (scale-up).<\/p>\n\n\n","protected":false},"excerpt":{"rendered":"<p>Change est un fonds d\u2019investissement \u00e0 impact social g\u00e9r\u00e9 par Cr\u00e9dal. Notre vision&nbsp;: transformer le monde \u00e9conomique actuel pour le rendre plus durable et \u00e9quitable. Nous voulons faire de la &hellip; <a href=\"https:\/\/changefund.social\/fr\/a-propos\/investir-dans-la-solidarite\/\" class=\"more-link\">Continuer la lecture<span class=\"screen-reader-text\"> de &laquo;&nbsp;Investir dans la solidarit\u00e9&nbsp;&raquo;<\/span><\/a><\/p>\n","protected":false},"author":1,"featured_media":0,"parent":300,"menu_order":1,"comment_status":"closed","ping_status":"closed","template":"","meta":[],"acf":[],"_links":{"self":[{"href":"https:\/\/changefund.social\/fr\/wp-json\/wp\/v2\/pages\/304"}],"collection":[{"href":"https:\/\/changefund.social\/fr\/wp-json\/wp\/v2\/pages"}],"about":[{"href":"https:\/\/changefund.social\/fr\/wp-json\/wp\/v2\/types\/page"}],"author":[{"embeddable":true,"href":"https:\/\/changefund.social\/fr\/wp-json\/wp\/v2\/users\/1"}],"replies":[{"embeddable":true,"href":"https:\/\/changefund.social\/fr\/wp-json\/wp\/v2\/comments?post=304"}],"version-history":[{"count":2,"href":"https:\/\/changefund.social\/fr\/wp-json\/wp\/v2\/pages\/304\/revisions"}],"predecessor-version":[{"id":380,"href":"https:\/\/changefund.social\/fr\/wp-json\/wp\/v2\/pages\/304\/revisions\/380"}],"up":[{"embeddable":true,"href":"https:\/\/changefund.social\/fr\/wp-json\/wp\/v2\/pages\/300"}],"wp:attachment":[{"href":"https:\/\/changefund.social\/fr\/wp-json\/wp\/v2\/media?parent=304"}],"curies":[{"name":"wp","href":"https:\/\/api.w.org\/{rel}","templated":true}]}}