{"id":324,"date":"2019-01-24T14:05:29","date_gmt":"2019-01-24T13:05:29","guid":{"rendered":"http:\/\/localhost:8888\/change\/investors\/we-are-not-alone\/"},"modified":"2021-11-24T13:44:48","modified_gmt":"2021-11-24T12:44:48","slug":"nous-ne-sommes-pas-seuls","status":"publish","type":"page","link":"https:\/\/changefund.social\/fr\/investisseurs\/nous-ne-sommes-pas-seuls\/","title":{"rendered":"Investir reprend tout son sens"},"content":{"rendered":"<p>Investir chez Change, c\u2019est agir pour transformer la soci\u00e9t\u00e9, gr\u00e2ce \u00e0 notre approche \u00ab\u00a0Impact First\u00a0\u00bb. Notre fonds d\u2019investissement finance des projets innovants selon une analyse pr\u00e9cise de leur impact soci\u00e9tal et de leur viabilit\u00e9 financi\u00e8re \u00e0 long terme.<\/p>\r\n<p>Vos capitaux \u2013 ainsi que votre r\u00e9seau et votre expertise \u2013 offrent ainsi une r\u00e9ponse aux d\u00e9fis soci\u00e9taux majeurs tout en vous garantissant un rendement financier mod\u00e9r\u00e9 et raisonnable : c\u2019est la force de l\u2019impact investing.<\/p>\r\n","protected":false},"excerpt":{"rendered":"<p>Investir chez Change, c\u2019est agir pour transformer la soci\u00e9t\u00e9, gr\u00e2ce \u00e0 notre approche \u00ab\u00a0Impact First\u00a0\u00bb. Notre fonds d\u2019investissement finance des projets innovants selon une analyse pr\u00e9cise de leur impact soci\u00e9tal &hellip; <a href=\"https:\/\/changefund.social\/fr\/investisseurs\/nous-ne-sommes-pas-seuls\/\" class=\"more-link\">Continuer la lecture<span class=\"screen-reader-text\"> de &laquo;&nbsp;Investir reprend tout son sens&nbsp;&raquo;<\/span><\/a><\/p>\n","protected":false},"author":1,"featured_media":290,"parent":322,"menu_order":0,"comment_status":"closed","ping_status":"closed","template":"","meta":[],"acf":[],"_links":{"self":[{"href":"https:\/\/changefund.social\/fr\/wp-json\/wp\/v2\/pages\/324"}],"collection":[{"href":"https:\/\/changefund.social\/fr\/wp-json\/wp\/v2\/pages"}],"about":[{"href":"https:\/\/changefund.social\/fr\/wp-json\/wp\/v2\/types\/page"}],"author":[{"embeddable":true,"href":"https:\/\/changefund.social\/fr\/wp-json\/wp\/v2\/users\/1"}],"replies":[{"embeddable":true,"href":"https:\/\/changefund.social\/fr\/wp-json\/wp\/v2\/comments?post=324"}],"version-history":[{"count":4,"href":"https:\/\/changefund.social\/fr\/wp-json\/wp\/v2\/pages\/324\/revisions"}],"predecessor-version":[{"id":894,"href":"https:\/\/changefund.social\/fr\/wp-json\/wp\/v2\/pages\/324\/revisions\/894"}],"up":[{"embeddable":true,"href":"https:\/\/changefund.social\/fr\/wp-json\/wp\/v2\/pages\/322"}],"wp:featuredmedia":[{"embeddable":true,"href":"https:\/\/changefund.social\/fr\/wp-json\/wp\/v2\/media\/290"}],"wp:attachment":[{"href":"https:\/\/changefund.social\/fr\/wp-json\/wp\/v2\/media?parent=324"}],"curies":[{"name":"wp","href":"https:\/\/api.w.org\/{rel}","templated":true}]}}