{"id":472,"date":"2019-01-24T14:06:28","date_gmt":"2019-01-24T13:06:28","guid":{"rendered":"http:\/\/localhost:8888\/change\/over\/limpact-investing-un-outil-de-changement-societal\/"},"modified":"2020-01-23T09:41:01","modified_gmt":"2020-01-23T08:41:01","slug":"impact-investing-een-instrument-voor-maatschappelijke-verandering","status":"publish","type":"page","link":"https:\/\/changefund.social\/nl\/over\/impact-investing-een-instrument-voor-maatschappelijke-verandering\/","title":{"rendered":"Impact Investing: Een instrument voor maatschappelijke verandering"},"content":{"rendered":"\r\n<p>De maatschappij wordt geconfronteerd met tal van uitdagingen op allerlei niveaus. Ons antwoord? Iedereen steunen die &#8211; op eigen niveau &#8211; maatregelen neemt die leiden tot positieve veranderingen. Impact Investing is een manier om deze veranderingen te versterken die tegelijkertijd een bescheiden en redelijk financieel rendement biedt.<\/p>\r\n\r\n\r\n\r\n<p>Onze &#8220;Impact First&#8221;-benadering is in de eerste plaats toegespitst op de potenti\u00eble maatschappelijke impact van de projecten die worden ondersteund. We analyseren vervolgens hun financi\u00eble duurzaamheid op de lange termijn. We richten een gemeenschap van ge\u00ebngageerde investeerders op voor wie de &#8220;Impact First&#8221;-benadering zin heeft in onze maatschappij. In ruil verwachten zij van ons op lange termijn een bescheiden rendement op hun investering.<\/p>\r\n","protected":false},"excerpt":{"rendered":"<p>De maatschappij wordt geconfronteerd met tal van uitdagingen op allerlei niveaus. Ons antwoord? Iedereen steunen die &#8211; op eigen niveau &#8211; maatregelen neemt die leiden tot positieve veranderingen. Impact Investing &hellip; <a href=\"https:\/\/changefund.social\/nl\/over\/impact-investing-een-instrument-voor-maatschappelijke-verandering\/\" class=\"more-link\">Continue reading<span class=\"screen-reader-text\"> &#8220;Impact Investing: Een instrument voor maatschappelijke verandering&#8221;<\/span><\/a><\/p>\n","protected":false},"author":1,"featured_media":474,"parent":470,"menu_order":0,"comment_status":"closed","ping_status":"closed","template":"","meta":[],"acf":[],"_links":{"self":[{"href":"https:\/\/changefund.social\/nl\/wp-json\/wp\/v2\/pages\/472"}],"collection":[{"href":"https:\/\/changefund.social\/nl\/wp-json\/wp\/v2\/pages"}],"about":[{"href":"https:\/\/changefund.social\/nl\/wp-json\/wp\/v2\/types\/page"}],"author":[{"embeddable":true,"href":"https:\/\/changefund.social\/nl\/wp-json\/wp\/v2\/users\/1"}],"replies":[{"embeddable":true,"href":"https:\/\/changefund.social\/nl\/wp-json\/wp\/v2\/comments?post=472"}],"version-history":[{"count":1,"href":"https:\/\/changefund.social\/nl\/wp-json\/wp\/v2\/pages\/472\/revisions"}],"predecessor-version":[{"id":476,"href":"https:\/\/changefund.social\/nl\/wp-json\/wp\/v2\/pages\/472\/revisions\/476"}],"up":[{"embeddable":true,"href":"https:\/\/changefund.social\/nl\/wp-json\/wp\/v2\/pages\/470"}],"wp:featuredmedia":[{"embeddable":true,"href":"https:\/\/changefund.social\/nl\/wp-json\/wp\/v2\/media\/474"}],"wp:attachment":[{"href":"https:\/\/changefund.social\/nl\/wp-json\/wp\/v2\/media?parent=472"}],"curies":[{"name":"wp","href":"https:\/\/api.w.org\/{rel}","templated":true}]}}