{"id":483,"date":"2019-02-08T13:29:50","date_gmt":"2019-02-08T12:29:50","guid":{"rendered":"http:\/\/localhost:8888\/change\/over\/credal-largent-solidaire\/"},"modified":"2021-03-26T14:11:14","modified_gmt":"2021-03-26T13:11:14","slug":"credal-het-solidaire-geld","status":"publish","type":"page","link":"https:\/\/changefund.social\/nl\/over\/credal-het-solidaire-geld\/","title":{"rendered":"Cr\u00e9dal, het solidaire geld"},"content":{"rendered":"<p>Change werd opgericht door Cr\u00e9dal, een co\u00f6peratieve met als maatschappelijk doel een meer rechtvaardige en solidaire maatschappij te bevorderen, in het bijzonder wat het gebruik van geld betreft. Cr\u00e9dal biedt in Belgi\u00eb:<\/p>\n<ul>\n<li>ethische <strong>beleggingen<\/strong>: bijna 3700 investeerders\/co\u00f6peranten hebben ervoor gekozen om geld te beleggen via Cr\u00e9dal, dat in alle openheid deze fondsen gebruikt om projecten te financieren.<\/li>\n<li>alternatief <strong>krediet<\/strong>: naast kredieten aan verenigingen en ondernemingen met een maatschappelijke meerwaarde, financiert Cr\u00e9dal ook duurzame ondernemingen, ondernemers die niet in het klassieke bankencircuit terecht kunnen en particulieren met een bescheiden inkomen.<\/li>\n<li>projectbegeleiding: Cr\u00e9dal verschaft advies inzake sociale economie en begeleidt ondernemers die van start willen gaan met hun activiteit.<\/li>\n<\/ul>\n<p>Meer info <a href=\"http:\/\/www.credal.be\" target=\"_blank\" rel=\"noreferrer noopener\" aria-label=\"\u00a0www.credal.be (s\u2019ouvre dans un nouvel onglet)\">www.credal.be<\/a><\/p>\n","protected":false},"excerpt":{"rendered":"<p>Change werd opgericht door Cr\u00e9dal, een co\u00f6peratieve met als maatschappelijk doel een meer rechtvaardige en solidaire maatschappij te bevorderen, in het bijzonder wat het gebruik van geld betreft. Cr\u00e9dal biedt &hellip; <a href=\"https:\/\/changefund.social\/nl\/over\/credal-het-solidaire-geld\/\" class=\"more-link\">Continue reading<span class=\"screen-reader-text\"> &#8220;Cr\u00e9dal, het solidaire geld&#8221;<\/span><\/a><\/p>\n","protected":false},"author":1,"featured_media":0,"parent":470,"menu_order":3,"comment_status":"closed","ping_status":"closed","template":"","meta":[],"acf":[],"_links":{"self":[{"href":"https:\/\/changefund.social\/nl\/wp-json\/wp\/v2\/pages\/483"}],"collection":[{"href":"https:\/\/changefund.social\/nl\/wp-json\/wp\/v2\/pages"}],"about":[{"href":"https:\/\/changefund.social\/nl\/wp-json\/wp\/v2\/types\/page"}],"author":[{"embeddable":true,"href":"https:\/\/changefund.social\/nl\/wp-json\/wp\/v2\/users\/1"}],"replies":[{"embeddable":true,"href":"https:\/\/changefund.social\/nl\/wp-json\/wp\/v2\/comments?post=483"}],"version-history":[{"count":11,"href":"https:\/\/changefund.social\/nl\/wp-json\/wp\/v2\/pages\/483\/revisions"}],"predecessor-version":[{"id":818,"href":"https:\/\/changefund.social\/nl\/wp-json\/wp\/v2\/pages\/483\/revisions\/818"}],"up":[{"embeddable":true,"href":"https:\/\/changefund.social\/nl\/wp-json\/wp\/v2\/pages\/470"}],"wp:attachment":[{"href":"https:\/\/changefund.social\/nl\/wp-json\/wp\/v2\/media?parent=483"}],"curies":[{"name":"wp","href":"https:\/\/api.w.org\/{rel}","templated":true}]}}